{"id":148,"date":"2025-01-31T15:11:12","date_gmt":"2025-01-31T15:11:12","guid":{"rendered":"https:\/\/smartwash.co\/persil\/?page_id=148"},"modified":"2025-01-31T15:11:12","modified_gmt":"2025-01-31T15:11:12","slug":"cookies","status":"publish","type":"page","link":"https:\/\/www.smartwash.co\/persil\/cookies\/","title":{"rendered":"Cookies"},"content":{"rendered":"\n<p>Wir benutzen Cookies, damit Sie unsere Website bestm\u00f6glich nutzen k\u00f6nnen. Cookies sind kleine Dateien, die f\u00fcr die Website-Navigation erforderlich sind und die Ihr Browser vor\u00fcbergehend auf Ihrer Festplatte speichert. Unsere Cookies enthalten keine personenbezogenen Informationen und k\u00f6nnen nicht zur Identifizierung einzelner Nutzer verwendet werden. Cookies enthalten oft eine per Zufallsgenerator erzeugte anonyme Kennung, die auf Ihrem Computer gespeichert wird. Einige dieser Kennungen werden am Ende der Website-Sitzung gel\u00f6scht, andere bleiben l\u00e4nger auf Ihrem Computer. Bei den meisten Web-Browsern werden Cookies automatisch akzeptiert. Durch \u00c4nderung der Einstellungen Ihres Browsers k\u00f6nnen Sie dies vermeiden. Sie k\u00f6nnen auf Ihrem PC gespeicherte Cookies jederzeit durch L\u00f6schen der tempor\u00e4ren Internetdateien entfernen.<\/p>\n\n\n\n<!-- OneTrust Cookies List start -->\n<div id=\"ot-sdk-cookie-policy\"><\/div>\n<!-- OneTrust Cookies List end -->\n\n\n\n<!-- OneTrust Cookies Settings button start -->\n<button id=\"ot-sdk-btn\" class=\"ot-sdk-show-settings\">Cookie\u00a0Settings<\/button>\n<!-- OneTrust Cookies Settings button end -->\n","protected":false},"excerpt":{"rendered":"<p>Wir benutzen Cookies, damit Sie unsere Website bestm\u00f6glich nutzen k\u00f6nnen. Cookies sind kleine Dateien, die f\u00fcr die Website-Navigation erforderlich sind und die Ihr Browser vor\u00fcbergehend auf Ihrer Festplatte speichert. Unsere Cookies enthalten keine personenbezogenen Informationen und k\u00f6nnen nicht zur Identifizierung einzelner Nutzer verwendet werden. Cookies enthalten oft eine per Zufallsgenerator erzeugte anonyme Kennung, die auf [&#8230;]<\/p>\n<p><a class=\"btn btn-secondary understrap-read-more-link\" href=\"https:\/\/www.smartwash.co\/persil\/cookies\/\">Weiterlesen\u00a0\u2026<span class=\"screen-reader-text\"> from Cookies<\/span><\/a><\/p>\n","protected":false},"author":2,"featured_media":0,"parent":0,"menu_order":0,"comment_status":"closed","ping_status":"closed","template":"","meta":{"footnotes":""},"class_list":["post-148","page","type-page","status-publish","hentry"],"_links":{"self":[{"href":"https:\/\/www.smartwash.co\/persil\/wp-json\/wp\/v2\/pages\/148","targetHints":{"allow":["GET"]}}],"collection":[{"href":"https:\/\/www.smartwash.co\/persil\/wp-json\/wp\/v2\/pages"}],"about":[{"href":"https:\/\/www.smartwash.co\/persil\/wp-json\/wp\/v2\/types\/page"}],"author":[{"embeddable":true,"href":"https:\/\/www.smartwash.co\/persil\/wp-json\/wp\/v2\/users\/2"}],"replies":[{"embeddable":true,"href":"https:\/\/www.smartwash.co\/persil\/wp-json\/wp\/v2\/comments?post=148"}],"version-history":[{"count":1,"href":"https:\/\/www.smartwash.co\/persil\/wp-json\/wp\/v2\/pages\/148\/revisions"}],"predecessor-version":[{"id":149,"href":"https:\/\/www.smartwash.co\/persil\/wp-json\/wp\/v2\/pages\/148\/revisions\/149"}],"wp:attachment":[{"href":"https:\/\/www.smartwash.co\/persil\/wp-json\/wp\/v2\/media?parent=148"}],"curies":[{"name":"wp","href":"https:\/\/api.w.org\/{rel}","templated":true}]}}