{"id":118,"date":"2025-01-30T16:00:41","date_gmt":"2025-01-30T16:00:41","guid":{"rendered":"https:\/\/smartwash.co\/persil\/?page_id=118"},"modified":"2025-01-30T16:00:41","modified_gmt":"2025-01-30T16:00:41","slug":"impressum","status":"publish","type":"page","link":"https:\/\/www.smartwash.co\/persil\/impressum\/","title":{"rendered":"Impressum"},"content":{"rendered":"\n<h4 class=\"wp-block-heading\">Dienstanbieter:<\/h4>\n\n\n\n<p><strong>Henkel AG &amp; Co. KGaA<\/strong><br>vertreten durch die pers\u00f6nlich haftende Gesellschafterin:<br>Henkel Management AG, diese vertreten durch den Vorstand:<br>Carsten Knobel&nbsp;(Chairman),&nbsp;Marco Swoboda, Sylvie Nicol, Wolfgang K\u00f6nig, Mark Dorn<br>Aufsichtsratsvorsitzende: Dr. Simone Bagel-Trah<\/p>\n\n\n\n<h4 class=\"wp-block-heading\">Sitz:<\/h4>\n\n\n\n<p>Henkelstra\u00dfe 67<br>40589 D\u00fcsseldorf<\/p>\n\n\n\n<h4 class=\"wp-block-heading\">Postanschrift:<\/h4>\n\n\n\n<p>40191 D\u00fcsseldorf<br>Tel.: (0049) 0211-797-0<\/p>\n\n\n\n<h4 class=\"wp-block-heading\">Handelsregister:<\/h4>\n\n\n\n<p>Registergericht D\u00fcsseldorf<br>HRB 4724<\/p>\n\n\n\n<h4 class=\"wp-block-heading\">Umsatzsteuer-ID:<\/h4>\n\n\n\n<p>DE 11 94 29 301<\/p>\n\n\n\n<h4 class=\"wp-block-heading\">Elektronische&nbsp;Kontaktadresse:<\/h4>\n\n\n\n<p><a href=\"mailto:vinfo.waschmittel@henkel.com\" target=\"_blank\" rel=\"noreferrer noopener\">vinfo.waschmittel@henkel.com<\/a><\/p>\n","protected":false},"excerpt":{"rendered":"<p>Dienstanbieter: Henkel AG &amp; Co. KGaAvertreten durch die pers\u00f6nlich haftende Gesellschafterin:Henkel Management AG, diese vertreten durch den Vorstand:Carsten Knobel&nbsp;(Chairman),&nbsp;Marco Swoboda, Sylvie Nicol, Wolfgang K\u00f6nig, Mark DornAufsichtsratsvorsitzende: Dr. Simone Bagel-Trah Sitz: Henkelstra\u00dfe 6740589 D\u00fcsseldorf Postanschrift: 40191 D\u00fcsseldorfTel.: (0049) 0211-797-0 Handelsregister: Registergericht D\u00fcsseldorfHRB 4724 Umsatzsteuer-ID: DE 11 94 29 301 Elektronische&nbsp;Kontaktadresse: vinfo.waschmittel@henkel.com [&#8230;]<\/p>\n<p><a class=\"btn btn-secondary understrap-read-more-link\" href=\"https:\/\/www.smartwash.co\/persil\/impressum\/\">Weiterlesen\u00a0\u2026<span class=\"screen-reader-text\"> from Impressum<\/span><\/a><\/p>\n","protected":false},"author":2,"featured_media":0,"parent":0,"menu_order":0,"comment_status":"closed","ping_status":"closed","template":"","meta":{"footnotes":""},"class_list":["post-118","page","type-page","status-publish","hentry"],"_links":{"self":[{"href":"https:\/\/www.smartwash.co\/persil\/wp-json\/wp\/v2\/pages\/118","targetHints":{"allow":["GET"]}}],"collection":[{"href":"https:\/\/www.smartwash.co\/persil\/wp-json\/wp\/v2\/pages"}],"about":[{"href":"https:\/\/www.smartwash.co\/persil\/wp-json\/wp\/v2\/types\/page"}],"author":[{"embeddable":true,"href":"https:\/\/www.smartwash.co\/persil\/wp-json\/wp\/v2\/users\/2"}],"replies":[{"embeddable":true,"href":"https:\/\/www.smartwash.co\/persil\/wp-json\/wp\/v2\/comments?post=118"}],"version-history":[{"count":1,"href":"https:\/\/www.smartwash.co\/persil\/wp-json\/wp\/v2\/pages\/118\/revisions"}],"predecessor-version":[{"id":119,"href":"https:\/\/www.smartwash.co\/persil\/wp-json\/wp\/v2\/pages\/118\/revisions\/119"}],"wp:attachment":[{"href":"https:\/\/www.smartwash.co\/persil\/wp-json\/wp\/v2\/media?parent=118"}],"curies":[{"name":"wp","href":"https:\/\/api.w.org\/{rel}","templated":true}]}}