{"id":11,"date":"2025-01-28T13:47:32","date_gmt":"2025-01-28T13:47:32","guid":{"rendered":"https:\/\/smartwash.co\/persil\/?page_id=11"},"modified":"2025-01-30T17:17:37","modified_gmt":"2025-01-30T17:17:37","slug":"nutzungsbedingungen","status":"publish","type":"page","link":"https:\/\/www.smartwash.co\/persil\/nutzungsbedingungen\/","title":{"rendered":"Nutzungsbedingungen"},"content":{"rendered":"\n<p>Die folgenden Nutzungsbedingungen m\u00fcssen infolge laufender technischer und rechtlicher Neuerungen von Zeit zu Zeit von uns ge\u00e4ndert und\/oder aktualisiert werden. Wir bitten den Nutzer unserer Internetseite daher, vor jeder Nutzung diese Nutzungsbedingungen erneut durchzusehen und von \u00c4nderungen und\/oder Aktualisierungen Kenntnis zu nehmen.<\/p>\n\n\n\n<h4 class=\"wp-block-heading\"><strong>Einleitung<\/strong><\/h4>\n\n\n\n<p>Dieser Internetauftritt wird Ihnen von der Henkel AG &amp; Co. KGaA, Henkelstra\u00dfe 67, 40589 D\u00fcsseldorf bereitgestellt. Die Informationen, die \u00fcber diesen Internetauftritt \u00fcber die Henkel AG &amp; Co. KGaA (nachfolgend Henkel genannt) und ihre Tochterunternehmen sowie \u00fcber Dritte erh\u00e4ltlich sind, wurden mit gr\u00f6\u00dfter Sorgfalt zusammengestellt. Eine Garantie f\u00fcr die Vollst\u00e4ndigkeit oder Richtigkeit dieser Informationen k\u00f6nnen wir jedoch nicht \u00fcbernehmen. Henkel \u00fcbernimmt keine Haftung f\u00fcr Fehler in den Inhalten dieses Internetauftritts.<\/p>\n\n\n\n<p>Auch zukunftsbezogene Aussagen in diesem Internetauftritt wurden nach bestem Wissen getroffen. Die von Henkel tats\u00e4chlich erreichten Ergebnisse k\u00f6nnen jedoch von diesen zukunftsbezogenen Aussagen wesentlich abweichen und werden von einer Reihe wettbewerblicher und gesamt\u00f6konomischer Faktoren abh\u00e4ngen, die zum Teil au\u00dferhalb des Einflussbereiches von Henkel liegen. Unbeschadet rechtlicher Verpflichtungen zur Korrektur zukunftsbezogener Aussagen beabsichtigt Henkel keine fortlaufende Aktualisierung aller zukunftsbezogenen Aussagen in diesem Internetauftritt.<\/p>\n\n\n\n<p>Durch den Zugriff akzeptieren Sie ohne Einschr\u00e4nkung oder Vorbehalt die nachstehenden Allgemeinen Nutzungsbedingungen.<\/p>\n\n\n\n<p>DIE SEITEN DIESES INTERNETAUFTRITTS UND IHR INHALT SIND NICHT F\u00dcR DEN GEBRAUCH INNERHALB DER VEREINIGTEN STAATEN VON AMERIKA UND DAR\u00dcBER HINAUS AUCH NICHT F\u00dcR U.S. B\u00dcRGER ODER SONSTIGE IN DEN VEREINIGTEN STAATEN VON AMERIKA ANS\u00c4SSIGE PERSONEN BESTIMMT UND FREIGEGEBEN. ALLE INSOWEIT BETROFFENEN PERSONEN WERDEN H\u00d6FLICH GEBETEN, DEN JEWEILIGEN LOKALEN HENKEL INTERNETAUFTRITT ODER SOLCHE DER MIT HENKEL VERBUNDENEN UNTERNEHMEN IN DEN U.S.A. ZU BESUCHEN.<\/p>\n\n\n\n<p>Allgemeine Nutzungsbedingungen dieses Internetauftritts<\/p>\n\n\n\n<h4 class=\"wp-block-heading\"><strong>1. Urheberrecht<\/strong><\/h4>\n\n\n\n<p>S\u00e4mtliche Abbildungen und Texte sowie deren Arrangements auf dieser Webseite genie\u00dfen urheberrechtlichen Schutz sowie Schutz nach anderen Gesetzen zum Schutz des geistigen Eigentums. Diese d\u00fcrfen daher weder vervielf\u00e4ltigt, verbreitet, bearbeitet, \u00fcbersetzt oder sonst in andere Medien eingespeichert oder verarbeitet werden, einschlie\u00dflich solcher in elektronischer Form. Jede Verwertung, insbesondere die Verwendung von Texten, Textteilen, Ton- oder Bildmaterial, bedarf der vorherigen schriftlichen Zustimmung der Henkel AG &amp; Co. KGaA, D\u00fcsseldorf (ausgenommen Henkel-Pressebilder).<\/p>\n\n\n\n<p>\u00a9&nbsp;2025 Henkel AG &amp; Co. KGaA, D\u00fcsseldorf. Alle Rechte vorbehalten.<\/p>\n\n\n\n<h4 class=\"wp-block-heading\"><strong>2. Marken<\/strong><\/h4>\n\n\n\n<p>Das Henkel Oval-Logo und alle auf diesen Seiten verwendeten Produktbezeichnungen&nbsp;und-\/oder Produktaufmachungen sind eingetragene Marken der Henkel AG &amp; Co. KGaA, ihrer Verbundenen Unternehmen oder Lizenzgeber. Jede ungenehmigte oder missbr\u00e4uchliche Verwendung dieser Marken ist ausdr\u00fccklich untersagt und stellt eine Verletzung des Markenrechts, des Urheberrechts, anderer gewerblicher Schutzrechte oder des Wettbewerbsrechts dar.<\/p>\n\n\n\n<h4 class=\"wp-block-heading\"><strong>3. Haftungsausschluss f\u00fcr Seiten Dritter<\/strong><\/h4>\n\n\n\n<p>a. Die Seiten des Internetauftritts enthalten auch Verkn\u00fcpfungen (sog. &#8222;Hyperlinks&#8220;) zu Websites im Internet, die von Dritten gepflegt werden und deren Inhalte Henkel nicht bekannt sind. Henkel vermittelt lediglich den Zugang zu diesen Websites und \u00fcbernimmt keinerlei Verantwortung f\u00fcr deren Inhalte. Unsere Links auf fremde Internetseiten dienen lediglich zur Erleichterung Ihrer Navigation. Wir machen uns die auf verlinkten Seiten dargestellten Aussagen nicht zu eigen, sondern distanzieren uns vielmehr hiermit ausdr\u00fccklich von allen Inhalten aller gelinkten Seiten Dritter auf den Seiten unseres Internetauftritts. Insbesondere haften wir nicht f\u00fcr dort begangene Verst\u00f6\u00dfe gegen gesetzliche Bestimmungen und Rechte Dritter.<\/p>\n\n\n\n<p>b. Die Inhaber der Internetseiten, zu denen \u00fcber den von Henkel betriebenen Internetauftritt ein Hyperlink besteht, sind sowohl f\u00fcr deren Inhalt als auch f\u00fcr den Verkauf der dort angebotenen Produkte und die Abwicklung der Bestellung allein verantwortlich.<\/p>\n\n\n\n<p>c. Die Henkel AG &amp; Co. KGaA haftet nicht f\u00fcr die Verletzung von Urheber- , Marken- und sonstigen gewerblichen Schutzrechten sowie Pers\u00f6nlichkeitsrechten, die auf einer mit einem Hyperlink versehenen Seite begangen wird.<\/p>\n\n\n\n<p>d. Im Falle einer Bestellung oder einer anderen rechtsgesch\u00e4ftlichen Erkl\u00e4rung kommt lediglich ein Vertrag zwischen dem Nutzer und dem jeweiligen Inhaber der Internetseite bzw. dem dort pr\u00e4senten Anbieter, in keinem Falle jedoch aber ein Vertrag zwischen Henkel und dem Nutzer zustande. Bitte beachten Sie die Allgemeinen Gesch\u00e4ftsbedingungen des jeweiligen Anbieters der verlinkten Internetseite.<\/p>\n\n\n\n<p>e. Dieser Haftungsschluss gilt f\u00fcr alle auf der henkel.de Internetseite&nbsp;angezeigten Links und f\u00fcr alle Inhalte der Seiten, zu denen die Links f\u00fchren.<\/p>\n\n\n\n<h4 class=\"wp-block-heading\"><strong>4. Haftungsausschluss<\/strong><\/h4>\n\n\n\n<p>Henkel ist gleich aus welchem Rechtsgrund, einschlie\u00dflich unerlaubter Handlung &#8211; nur f\u00fcr solche Sch\u00e4den im Zusammenhang mit der Nutzung dieses Internetauftritts verantwortlich, die durch Vorsatz oder grobe Fahrl\u00e4ssigkeit verursacht worden sind. Soweit Henkel zwingend wegen der Verletzung wesentlicher Vertragspflichten haftet, ist die H\u00f6he der Ersatzanspr\u00fcche summenm\u00e4\u00dfig begrenzt auf vorhersehbare Sch\u00e4den. Eine Haftung Henkels aus Produkthaftung sowie aus Garantieversprechen bleibt unber\u00fchrt. Die vorstehenden Haftungsbeschr\u00e4nkungen findet ebenfalls keine Anwendung bei der Verletzung des Lebens, des K\u00f6rpers oder der Gesundheit eines Menschen.<\/p>\n\n\n\n<p>Henkel unternimmt gro\u00dfe Anstrengungen, die Henkel Websites virenfrei zu halten, kann die Freiheit von Viren jedoch nicht garantieren. Deshalb empfehlen wir, vor dem Herunterladen von Dokumenten und Informationen selbst f\u00fcr einen hinreichenden Schutz vor Viren zu sorgen, etwa durch den Einsatz von Virenscannern.<\/p>\n\n\n\n<p>Henkel \u00fcbernimmt nicht die Gew\u00e4hr f\u00fcr die St\u00f6rungsfreiheit der unter den Henkel Websites angebotenen Diensten sowie f\u00fcr deren Verf\u00fcgbarkeit.<\/p>\n\n\n\n<h4 class=\"wp-block-heading\"><strong>5. Prognosen und Absichtserkl\u00e4rungen<\/strong><\/h4>\n\n\n\n<p>Zukunftsbezogene Aussagen in diesem Internetauftritt wurden nach bestem Wissen getroffen. Die von Henkel tats\u00e4chlich erreichten Ergebnisse k\u00f6nnen jedoch von diesen zukunftsbezogenen Aussagen wesentlich abweichen und werden von einer Reihe wettbewerblicher und gesamt\u00f6konomischer Faktoren abh\u00e4ngen, die zum Teil au\u00dferhalb des Einflussbereiches von Henkel liegen. Unbeschadet rechtlicher Verpflichtungen zur Korrektur zukunftsbezogener Aussagen beabsichtigt Henkel keine fortlaufende Aktualisierung aller zukunftsbezogenen Aussagen in diesem Internetauftritt.<\/p>\n\n\n\n<h4 class=\"wp-block-heading\"><strong>6. Henkel Produkte<\/strong><\/h4>\n\n\n\n<p>Die in diesem Internetauftritt abgebildeten Marken \/ Produkte stehen beispielhaft f\u00fcr die weltweit erh\u00e4ltlichen Marken \/ Produkte der Unternehmen von Henkel. Henkel \u00fcbernimmt keine Garantie daf\u00fcr, dass ein\/e abgebildete\/s Marke \/ Produkt auch in Ihrem Land erh\u00e4ltlich ist.<\/p>\n\n\n\n<h4 class=\"wp-block-heading\"><strong>Sonstiges<\/strong><\/h4>\n\n\n\n<p>Diese Nutzungsbedingungen unterliegen dem Recht der Bundesrepublik Deutschland unter Ausschluss des UN-Kaufrechts. Gerichtsstand f\u00fcr Streitigkeiten, die diesen Internetauftritt betreffen, ist D\u00fcsseldorf. Sollte eine der Bestimmungen dieser Nutzungsbedingungen unwirksam sein oder werden, wird die G\u00fcltigkeit der \u00fcbrigen Bestimmungen davon nicht ber\u00fchrt.<\/p>\n","protected":false},"excerpt":{"rendered":"<p>Die folgenden Nutzungsbedingungen m\u00fcssen infolge laufender technischer und rechtlicher Neuerungen von Zeit zu Zeit von uns ge\u00e4ndert und\/oder aktualisiert werden. Wir bitten den Nutzer unserer Internetseite daher, vor jeder Nutzung diese Nutzungsbedingungen erneut durchzusehen und von \u00c4nderungen und\/oder Aktualisierungen Kenntnis zu nehmen. Einleitung Dieser Internetauftritt wird Ihnen von der Henkel AG &amp; Co. KGaA, Henkelstra\u00dfe [&#8230;]<\/p>\n<p><a class=\"btn btn-secondary understrap-read-more-link\" href=\"https:\/\/www.smartwash.co\/persil\/nutzungsbedingungen\/\">Weiterlesen\u00a0\u2026<span class=\"screen-reader-text\"> from Nutzungsbedingungen<\/span><\/a><\/p>\n","protected":false},"author":2,"featured_media":0,"parent":0,"menu_order":0,"comment_status":"closed","ping_status":"closed","template":"","meta":{"footnotes":""},"class_list":["post-11","page","type-page","status-publish","hentry"],"_links":{"self":[{"href":"https:\/\/www.smartwash.co\/persil\/wp-json\/wp\/v2\/pages\/11","targetHints":{"allow":["GET"]}}],"collection":[{"href":"https:\/\/www.smartwash.co\/persil\/wp-json\/wp\/v2\/pages"}],"about":[{"href":"https:\/\/www.smartwash.co\/persil\/wp-json\/wp\/v2\/types\/page"}],"author":[{"embeddable":true,"href":"https:\/\/www.smartwash.co\/persil\/wp-json\/wp\/v2\/users\/2"}],"replies":[{"embeddable":true,"href":"https:\/\/www.smartwash.co\/persil\/wp-json\/wp\/v2\/comments?post=11"}],"version-history":[{"count":2,"href":"https:\/\/www.smartwash.co\/persil\/wp-json\/wp\/v2\/pages\/11\/revisions"}],"predecessor-version":[{"id":129,"href":"https:\/\/www.smartwash.co\/persil\/wp-json\/wp\/v2\/pages\/11\/revisions\/129"}],"wp:attachment":[{"href":"https:\/\/www.smartwash.co\/persil\/wp-json\/wp\/v2\/media?parent=11"}],"curies":[{"name":"wp","href":"https:\/\/api.w.org\/{rel}","templated":true}]}}