{"id":267,"date":"2025-01-28T13:47:32","date_gmt":"2025-01-28T13:47:32","guid":{"rendered":"https:\/\/smartwash.co\/persil\/warunki-uzytkowania\/"},"modified":"2025-06-23T14:22:56","modified_gmt":"2025-06-23T14:22:56","slug":"warunki-korzystania","status":"publish","type":"page","link":"https:\/\/www.smartwash.co\/persil\/pl\/warunki-korzystania\/","title":{"rendered":"Warunki korzystania"},"content":{"rendered":"\n<p>Ze wzgl\u0119du na wprowadzane innowacje technologiczne i zmiany obowi\u0105zuj\u0105cych ram prawnych niniejsze Warunki Korzystania musz\u0105 by\u0107 zmieniane i\/lub modyfikowane przez nas raz na pewien okre\u015blony czas. Dlatego prosimy u\u017cytkownik\u00f3w o ka\u017cdorazowe zapoznanie si\u0119 z niniejszymi Warunkami Korzystania przy ka\u017cdej wizycie na tej witrynie i branie pod uwag\u0119 wszelkich zmian i\/lub poprawek.<\/p>\n\n\n\n<h4 class=\"wp-block-heading\"><strong>Wst\u0119p<\/strong><\/h4>\n\n\n\n<p>Niniejszy serwis internetowy zosta\u0142 Pa\u0144stwu udost\u0119pniony przez firm\u0119 Henkel Polska sp. z o. o., (zwan\u0105 poni\u017cej \u201cHenkel \u201c) z siedzib\u0105 w Warszawie, przy ulicy Domaniewskiej 41, 02-672 Warszawa. Informacje udost\u0119pnione w tym serwisie dotycz\u0105ce Grupy Henkel i sp\u00f3\u0142ek zale\u017cnych ( zwane poni\u017cej \u201cHenkel\u201c) oraz os\u00f3b trzecich, zosta\u0142y wybrane z najwi\u0119ksz\u0105 staranno\u015bci\u0105. Nie mo\u017cemy jednak udzieli\u0107 gwarancji co do kompletno\u015bci i prawid\u0142owo\u015bci tych informacji. Henkel nie przejmuje \u017cadnej odpowiedzialno\u015bci za ewentualne b\u0142\u0119dy w tre\u015bci. Zawarte w niniejszej witrynie internetowej o\u015bwiadczenia dotycz\u0105ce prognoz zosta\u0142y z\u0142o\u017cone zgodnie z nasz\u0105 najlepsz\u0105 wiedz\u0105. Jednak\u017ce faktycznie osi\u0105gni\u0119te przez firm\u0119 Henkel wyniki mog\u0105 znacznie odbiega\u0107 od wy\u017cej wymienionych prognoz, poniewa\u017c s\u0105 one uzale\u017cnione od szeregu czynnik\u00f3w o charakterze konkurencyjnym i makroekonomicznym, kt\u00f3re w niekt\u00f3rych przypadkach znajduj\u0105 si\u0119 poza kontrol\u0105 Henkel. Bez naruszenia jakichkolwiek prawnych zobowi\u0105za\u0144 dotycz\u0105cych zmiany o\u015bwiadcze\u0144 zawieraj\u0105cych prognozy, Henkel nie zamierza w spos\u00f3b ci\u0105g\u0142y aktualizowa\u0107 wszystkich ww. o\u015bwiadcze\u0144 zawartych w niniejszej witrynie. Swoim dost\u0119pem do strony akceptujecie Pa\u0144stwo bez ogranicze\u0144 i zastrze\u017ce\u0144 poni\u017csze Warunki U\u017cytkowania, kt\u00f3re mo\u017cna przeczyta\u0107 lub wydrukowa\u0107.<\/p>\n\n\n\n<p>Korzystanie z niniejszego serwisu mo\u017ce zosta\u0107 zako\u0144czone przez Pa\u0144stwa w ka\u017cdej chwili.<\/p>\n\n\n\n<p>NINIEJSZA WITRYNA INTERNETOWA ORAZ ZAWARTE W NIEJ INFORMACJE NIE S\u0104 PRZEZNACZONE ANI NIE ZOSTA\u0141Y ZATWIERDZONE DO U\u017bYTKU W STANACH ZJEDNOCZONYCH AMERYKI P\u00d3\u0141NOCNEJ, ANI PRZEZ OBYWATELI LUB MIESZKA\u0143C\u00d3W USA. OSOBY TE S\u0104 PROSZONE O KONTAKT Z LOKALN\u0104 WITRYN\u0104 INTERNETOW\u0104 HENKLA B\u0104D\u0179 Z WITRYNAMI AMERYKA\u0143SKICH PRZEDSI\u0118BIORSTW POWI\u0104ZANYCH GRUPY HENKEL.Tre\u015bci zawarte na niniejszej stronie, z zastrze\u017ceniem ewentualnych wyj\u0105tk\u00f3w wyra\u017anie wskazanych, s\u0142u\u017c\u0105 jedynie celom informacyjnym i nie stanowi\u0105, w rozumieniu przepis\u00f3w Kodeksu cywilnego, oferty produkt\u00f3w, us\u0142ug Henkel.<\/p>\n\n\n\n<p>Og\u00f3lne Warunki Korzystania z prezentacji internetowej<\/p>\n\n\n\n<h4 class=\"wp-block-heading\"><strong>1. Prawo autorskie<\/strong><\/h4>\n\n\n\n<p>Informacje zamieszczone na naszych stronach internetowych \u200f(zawarto\u015b\u0107, struktura) s\u0105 chronione prawem autorskim. Zakazane jest zw\u0142aszcza ich powielanie, t\u0142umaczenie, wprowadzanie do pami\u0119ci, przetwarzanie na inne media elektroniczne. Kopiowanie i u\u017cytkowanie \u2013 r\u00f3wnie\u017c we fragmentach &#8211; dozwolone jest \u200f(z wyj\u0105tkiem korzystania do cel\u00f3w prywatnych) jedynie po uzyskaniu zezwolenia Henkel. Powielanie informacji lub danych, zw\u0142aszcza wykorzystanie tekst\u00f3w, fragment\u00f3w tekstu, materia\u0142\u00f3w graficznych lub jakiekolwiek inne wykorzystywanie lub rozpowszechnianie, wymaga wcze\u015bniejszej pisemnej zgody Henkel (wyj\u0105tek stanowi materia\u0142 zdj\u0119ciowy i informacje prasowe przedstawione na stronach Internetowego Biura Prasowego, ale tylko do cel\u00f3w redakcyjnych). Prawo do publikacji i powielania przys\u0142uguje wy\u0142\u0105cznie Henkel z zastrze\u017ceniem wyj\u0105tk\u00f3w, o kt\u00f3rych mowa powy\u017cej. Materia\u0142y zdj\u0119ciowe Henkla i informacje prasowe udost\u0119pnione na stronach Internetowego Biura Prasowego mog\u0105 by\u0107 wykorzystywane tylko do cel\u00f3w redakcyjnych. Materia\u0142y zdj\u0119ciowe Henkla, kt\u00f3re dla cel\u00f3w redakcyjnych s\u0105 powielane i\/lub elektronicznie udost\u0119pniane osobom trzecim, musz\u0105 by\u0107 opatrzone zastrze\u017ceniem: \u201cCopyright 2025 Copyright Henkel Polska Sp. z o.o., rok. Wszelkie prawa zastrze\u017cone.\u201c. To samo dotyczy informacji prasowych Henkla opatrzonych przez nas wy\u017cej wymienionym zastrze\u017ceniem.&nbsp;<\/p>\n\n\n\n<p>\u00a9 2025 2018 Henkel Polska sp. z o.o. Wszelkie prawa zastrze\u017cone.<\/p>\n\n\n\n<h4 class=\"wp-block-heading\"><strong>2. Znaki towarowe<\/strong><\/h4>\n\n\n\n<p>Owalne logo Henkla oraz wszystkie nazwy produkt\u00f3w i\/lub ich wizerunki znajduj\u0105ce si\u0119 na niniejszych stronach s\u0105 zarejestrowanymi znakami towarowymi Henkel AG &amp; Co. KGaA, jej sp\u00f3\u0142ek zale\u017cnych, powi\u0105zanych lub licencjodawc\u00f3w. Jakiekolwiek nieuprawnione korzystanie lub naruszenie tych znak\u00f3w jest zabronione i stanowi naruszenie prawa w\u0142asno\u015bci przemys\u0142owej, prawa autorskiego, innych akt\u00f3w prawnych dotycz\u0105cych w\u0142asno\u015bci intelektualnej lub nieuczciwej konkurencji.<\/p>\n\n\n\n<h4 class=\"wp-block-heading\"><strong>3. Wy\u0142\u0105czenie odpowiedzialno\u015bci Henkel za tre\u015bci zamieszczane na stronach internetowych os\u00f3b trzecich<\/strong><\/h4>\n\n\n\n<p>a) Strony internetowe Henkel posiadaj\u0105 powi\u0105zania \u200f(tzw. \u201chiperlinki\u201c) do stron internetowych os\u00f3b trzecich, kt\u00f3rych tre\u015b\u0107 nie jest w pe\u0142ni znana Henklowi. Henkel po\u015bredniczy w dost\u0119pie do tych stron, jednak nie przejmuje \u017cadnej odpowiedzialno\u015bci za ich tre\u015bci. Nasze linki do obcych stron internetowych maj\u0105 jedynie za zadanie u\u0142atwienie nawigacji. Nie identyfikujemy si\u0119 z wypowiedziami umieszczonymi na stronach powi\u0105zanych. Zw\u0142aszcza za\u015b nie ponosimy odpowiedzialno\u015bci za naruszenie na tych stronach przepis\u00f3w i praw os\u00f3b trzecich.<\/p>\n\n\n\n<p>b) W\u0142a\u015bciciel stron internetowych, do kt\u00f3rych istnieje powi\u0105zanie \u200f(hiperlink) ze strony Henkla, ponosi wy\u0142\u0105czn\u0105 odpowiedzialno\u015b\u0107 zar\u00f3wno za tre\u015b\u0107 swojej strony, jak i za oferowane tam produkty oraz za realizacje zam\u00f3wie\u0144.<\/p>\n\n\n\n<p>c) Henkel nie ponosi odpowiedzialno\u015bci za naruszenia praw autorskich, znak\u00f3w towarowych i d\u00f3br osobistych, dokonanych na tej stronie.<\/p>\n\n\n\n<p>d) W przypadku zam\u00f3wienia dochodzi do zawarcia umowy pomi\u0119dzy u\u017cytkownikiem i danym w\u0142a\u015bcicielem strony internetowej wzgl\u0119dnie reprezentowanym tam oferentem, w \u017cadnym jednak przypadku do umowy pomi\u0119dzy Henklem, a u\u017cytkownikiem. Prosimy uwzgl\u0119dni\u0107 og\u00f3lne warunki handlowe danego oferenta na powi\u0105zanej stronie internetowej.<\/p>\n\n\n\n<p>e) To zastrze\u017cenie dotyczy wszystkich link\u00f3w wy\u015bwietlanych na stronie henkel.com oraz zawarto\u015bci stron internetowych, do kt\u00f3rych u\u017cytkownik jest przekierowany przez takie linki.<\/p>\n\n\n\n<h4 class=\"wp-block-heading\"><strong>4. Wy\u0142\u0105czenie odpowiedzialno\u015bci<\/strong><\/h4>\n\n\n\n<p>Wszelka odpowiedzialno\u015b\u0107 Henkla z tytu\u0142u szk\u00f3d wynikaj\u0105cych z korzystania z niniejszej witryny, niezale\u017cnie od przyczyny prawnej, w tym czynu niedozwolonego, jest ograniczona do szk\u00f3d spowodowanych win\u0105 umy\u015bln\u0105 lub ra\u017c\u0105cym niedbalstwem. W takim stopniu, w jakim istnieje obowi\u0105zkowa odpowiedzialno\u015b\u0107 Henkla wskutek naruszenia istotnych obowi\u0105zk\u00f3w umownych, og\u00f3lna kwota jakiegokolwiek roszczenia odszkodowawczego jest ograniczona do odszkodowania za szkody rzeczywiste. Nie narusza to zakresu odpowiedzialno\u015bci Henkla wynikaj\u0105cego z przepis\u00f3w reguluj\u0105cych odpowiedzialno\u015b\u0107 za produkt lub udzielonych gwarancji oraz odpowiedzialno\u015b\u0107 wobec konsument\u00f3w. Powy\u017csze ograniczenia odpowiedzialno\u015bci nie maj\u0105 r\u00f3wnie\u017c zastosowania w przypadku utraty \u017cycia lub zdrowia b\u0105d\u017a uszkodzenia cia\u0142a danej osoby.<\/p>\n\n\n\n<p>Henkel dok\u0142ada ogromnych stara\u0144, aby jego strony internetowe by\u0142y wolne od wirus\u00f3w, jednak\u017ce nie mo\u017cemy zagwarantowa\u0107 ich ca\u0142kowitego braku. Z tego wzgl\u0119du, przed pobraniem dokument\u00f3w i danych zalecamy podj\u0119cie \u015brodk\u00f3w ostro\u017cno\u015bci w celu zapewnienia dostatecznej ochrony przeciwko wirusom \u200f(np. stosowanie skaner\u00f3w wykrywaj\u0105cych wirusy). Henkel nie gwarantuje, \u017ce us\u0142ugi oferowane na jego stronach internetowych s\u0105 wolne od wad lub b\u0142\u0119d\u00f3w, ani nie gwarantuje ich dost\u0119pno\u015bci.<\/p>\n\n\n\n<h4 class=\"wp-block-heading\"><strong>5. Prognozy i plany<\/strong><\/h4>\n\n\n\n<p>W serwisach internetowych mo\u017cna znale\u017a\u0107 prognozy i plany dotycz\u0105ce przysz\u0142ego rozwoju Henkla, sporz\u0105dzone zgodnie z najlepsz\u0105 wiedz\u0105 i przekonaniami. Jednak\u017ce rezultaty faktycznie osi\u0105gni\u0119te przez firm\u0119 mog\u0105 si\u0119 zdecydowanie r\u00f3\u017cni\u0107 od wcze\u015bniejszych prognoz, gdy\u017c ma na nie wp\u0142yw ca\u0142y szereg czynnik\u00f3w zwi\u0105zanych z dzia\u0142aniami konkurencji oraz procesami makroekonomicznymi, pozostaj\u0105cymi poza wp\u0142ywem Henkla. O ile nie wynika\u0142oby to z prawnych zobowi\u0105za\u0144, Henkel nie ma intencji ani mo\u017cliwo\u015bci aktualizowania wszystkich prognoz zamieszczonych na tej stronie internetowej.<\/p>\n\n\n\n<h4 class=\"wp-block-heading\"><strong>6. Produkty Henkla<\/strong><\/h4>\n\n\n\n<p>Produkty\/marki przedstawione w prezentacji internetowej s\u0105 przyk\u0142adowymi produktami\/markami Henkla. Henkel nie mo\u017ce jednak udzieli\u0107 gwarancji, \u017ce przedstawiony produkt\/marka jest aktualnie dost\u0119pny w Polsce.<\/p>\n\n\n\n<h4 class=\"wp-block-heading\"><strong>7. Postanowienia og\u00f3lne<\/strong><\/h4>\n\n\n\n<p>Niniejsze Og\u00f3lne Warunki Korzystania podlegaj\u0105 prawu polskiemu i b\u0119d\u0105 interpretowane zgodnie z tym prawem, bez wzgl\u0119du na Konwencj\u0119 Narod\u00f3w Zjednoczonych o umowach mi\u0119dzynarodowej sprzeda\u017cy towar\u00f3w, kt\u00f3rej zastosowanie w stosunku do niniejszych Og\u00f3lnych Warunk\u00f3w Korzystania jest niniejszym wyra\u017anie wy\u0142\u0105czone. W takim zakresie, w jakim jest to dozwolone na mocy w\u0142a\u015bciwego prawa, wszelkie spory dotycz\u0105ce niniejszej witryny internetowej b\u0119d\u0105 rozstrzygane w Warszawie. W przypadku, gdy kt\u00f3rekolwiek z postanowie\u0144 niniejszych Og\u00f3lnych Warunk\u00f3w Korzystania jest lub stanie si\u0119 niewa\u017cne, fakt ten nie b\u0119dzie mia\u0142 wp\u0142ywu na wa\u017cno\u015b\u0107 pozosta\u0142ych postanowie\u0144.<\/p>\n","protected":false},"excerpt":{"rendered":"<p>Ze wzgl\u0119du na wprowadzane innowacje technologiczne i zmiany obowi\u0105zuj\u0105cych ram prawnych niniejsze Warunki Korzystania musz\u0105 by\u0107 zmieniane i\/lub modyfikowane przez nas raz na pewien okre\u015blony czas. Dlatego prosimy u\u017cytkownik\u00f3w o ka\u017cdorazowe zapoznanie si\u0119 z niniejszymi Warunkami Korzystania przy ka\u017cdej wizycie na tej witrynie i branie pod uwag\u0119 wszelkich zmian i\/lub poprawek. Wst\u0119p Niniejszy serwis internetowy [&#8230;]<\/p>\n<p><a class=\"btn btn-secondary understrap-read-more-link\" href=\"https:\/\/www.smartwash.co\/persil\/pl\/warunki-korzystania\/\">Czytaj dalej\u2026<span class=\"screen-reader-text\"> from Warunki korzystania<\/span><\/a><\/p>\n","protected":false},"author":2,"featured_media":0,"parent":0,"menu_order":0,"comment_status":"closed","ping_status":"closed","template":"","meta":{"footnotes":""},"class_list":["post-267","page","type-page","status-publish","hentry"],"_links":{"self":[{"href":"https:\/\/www.smartwash.co\/persil\/pl\/wp-json\/wp\/v2\/pages\/267","targetHints":{"allow":["GET"]}}],"collection":[{"href":"https:\/\/www.smartwash.co\/persil\/pl\/wp-json\/wp\/v2\/pages"}],"about":[{"href":"https:\/\/www.smartwash.co\/persil\/pl\/wp-json\/wp\/v2\/types\/page"}],"author":[{"embeddable":true,"href":"https:\/\/www.smartwash.co\/persil\/pl\/wp-json\/wp\/v2\/users\/2"}],"replies":[{"embeddable":true,"href":"https:\/\/www.smartwash.co\/persil\/pl\/wp-json\/wp\/v2\/comments?post=267"}],"version-history":[{"count":3,"href":"https:\/\/www.smartwash.co\/persil\/pl\/wp-json\/wp\/v2\/pages\/267\/revisions"}],"predecessor-version":[{"id":281,"href":"https:\/\/www.smartwash.co\/persil\/pl\/wp-json\/wp\/v2\/pages\/267\/revisions\/281"}],"wp:attachment":[{"href":"https:\/\/www.smartwash.co\/persil\/pl\/wp-json\/wp\/v2\/media?parent=267"}],"curies":[{"name":"wp","href":"https:\/\/api.w.org\/{rel}","templated":true}]}}