{"id":265,"date":"2025-01-30T16:00:41","date_gmt":"2025-01-30T16:00:41","guid":{"rendered":"https:\/\/smartwash.co\/persil\/nadruk\/"},"modified":"2025-06-23T14:21:43","modified_gmt":"2025-06-23T14:21:43","slug":"wizytowka","status":"publish","type":"page","link":"https:\/\/www.smartwash.co\/persil\/pl\/wizytowka\/","title":{"rendered":"Wizyt\u00f3wka"},"content":{"rendered":"\n<p>Dostawca us\u0142ug\/ dane firmy:<\/p>\n\n\n\n<p>Henkel Polska sp. z o.o.<br>ul. Domaniewska 41, 02-672 Warszawa, PL<br>NIP 5252624369<br>S\u0105d Rejonowy dla m.st. Warszawy w Warszawie<br>XIII Wydzia\u0142 Gospodarczy, KRS 0000567666<br>Kapita\u0142 zak\u0142adowy 65 700 000 PLN<\/p>\n","protected":false},"excerpt":{"rendered":"<p>Dostawca us\u0142ug\/ dane firmy: Henkel Polska sp. z o.o.ul. Domaniewska 41, 02-672 Warszawa, PLNIP 5252624369S\u0105d Rejonowy dla m.st. Warszawy w WarszawieXIII Wydzia\u0142 Gospodarczy, KRS 0000567666Kapita\u0142 zak\u0142adowy 65 700 000 PLN [&#8230;]<\/p>\n<p><a class=\"btn btn-secondary understrap-read-more-link\" href=\"https:\/\/www.smartwash.co\/persil\/pl\/wizytowka\/\">Czytaj dalej\u2026<span class=\"screen-reader-text\"> from Wizyt\u00f3wka<\/span><\/a><\/p>\n","protected":false},"author":2,"featured_media":0,"parent":0,"menu_order":0,"comment_status":"closed","ping_status":"closed","template":"","meta":{"footnotes":""},"class_list":["post-265","page","type-page","status-publish","hentry"],"_links":{"self":[{"href":"https:\/\/www.smartwash.co\/persil\/pl\/wp-json\/wp\/v2\/pages\/265","targetHints":{"allow":["GET"]}}],"collection":[{"href":"https:\/\/www.smartwash.co\/persil\/pl\/wp-json\/wp\/v2\/pages"}],"about":[{"href":"https:\/\/www.smartwash.co\/persil\/pl\/wp-json\/wp\/v2\/types\/page"}],"author":[{"embeddable":true,"href":"https:\/\/www.smartwash.co\/persil\/pl\/wp-json\/wp\/v2\/users\/2"}],"replies":[{"embeddable":true,"href":"https:\/\/www.smartwash.co\/persil\/pl\/wp-json\/wp\/v2\/comments?post=265"}],"version-history":[{"count":2,"href":"https:\/\/www.smartwash.co\/persil\/pl\/wp-json\/wp\/v2\/pages\/265\/revisions"}],"predecessor-version":[{"id":279,"href":"https:\/\/www.smartwash.co\/persil\/pl\/wp-json\/wp\/v2\/pages\/265\/revisions\/279"}],"wp:attachment":[{"href":"https:\/\/www.smartwash.co\/persil\/pl\/wp-json\/wp\/v2\/media?parent=265"}],"curies":[{"name":"wp","href":"https:\/\/api.w.org\/{rel}","templated":true}]}}