{"id":263,"date":"2025-01-31T15:11:12","date_gmt":"2025-01-31T15:11:12","guid":{"rendered":"https:\/\/smartwash.co\/persil\/pliki-cookie\/"},"modified":"2025-06-23T14:17:24","modified_gmt":"2025-06-23T14:17:24","slug":"cookies","status":"publish","type":"page","link":"https:\/\/www.smartwash.co\/persil\/pl\/cookies\/","title":{"rendered":"Polityka \u201eCookies\u201d"},"content":{"rendered":"\n<p>Aby u\u0142atwi\u0107 korzystanie z naszej witryny, u\u017cywamy plik\u00f3w cookies. Pliki cookies to ma\u0142e pliki z informacjami wykorzystywanymi przez witryny sieci Web, kt\u00f3re zapisywane s\u0105 na twardym dysku komputera. S\u0105 one niezb\u0119dne do korzystania z naszej witryny. Pliki cookies nie zawieraj\u0105 danych osobowych i nie mog\u0105 by\u0107 u\u017cyte do ustalenia to\u017csamo\u015bci u\u017cytkownika. Plik cookie zazwyczaj zawiera unikalny identyfikator \u2013 anonimowy \u200f(losowo generowany) numer, kt\u00f3ry jest przechowywany w urz\u0105dzeniu. Niekt\u00f3re z nich zostaj\u0105 usuni\u0119te po zako\u0144czeniu sesji w przegl\u0105darce, inne pozostaj\u0105 &nbsp;na komputerze d\u0142u\u017cej.<\/p>\n\n\n\n<h3 class=\"wp-block-heading\">Rodzaje plik\u00f3w cookies u\u017cywane w naszej witrynie<\/h3>\n\n\n\n<p><em>First-party Cookies<\/em><\/p>\n\n\n\n<p>First-party cookies pochodz\u0105 z przegl\u0105danej witryny sieci Web, kt\u00f3r\u0105 odwiedzasz i s\u0105 wykorzystywane przy ponownym przej\u015bciu do tej witryny.<\/p>\n\n\n\n<p><em>Third-party Cookies \u200f(pliki cookies innych firm)<\/em><\/p>\n\n\n\n<p>Pliki cookies innych firm s\u0105 wykorzystywane na stronie przez inne podmioty, z kt\u00f3rych us\u0142ug korzystamy. Na przyk\u0142ad, mo\u017cemy korzysta\u0107 z zewn\u0119trznych us\u0142ug analitycznych i wtedy dostawcy w naszym imieniu wykorzystuj\u0105 pliki cookies, w celu \u015bledzenia interesuj\u0105cych nas zachowa\u0144 przy korzystaniu z witryny przez U\u017cytkownik\u00f3w. Strona, kt\u00f3r\u0105 odwiedzasz mo\u017ce r\u00f3wnie\u017c zawiera\u0107 tre\u015bci powi\u0105zane przyk\u0142adowo z serwisem YouTube, kt\u00f3ry z kolei mo\u017ce korzysta\u0107 ze swoich w\u0142asnych plik\u00f3w cookies.<\/p>\n\n\n\n<h3 class=\"wp-block-heading\">Dlaczego powinienem zezwoli\u0107 na pliki cookies?<\/h3>\n\n\n\n<p>Informacje zawarte w plikach cookies s\u0105 u\u017cywane do poprawy \u015bwiadczonych Tobie us\u0142ug, na przyk\u0142ad:<\/p>\n\n\n\n<ul class=\"wp-block-list\">\n<li>umo\u017cliwienie rozpoznania urz\u0105dzenia, z kt\u00f3rego przegl\u0105dasz stron\u0119, wi\u0119c nie musisz podawa\u0107 tych samych informacji kilka razy w czasie sesji, np. wype\u0142niaj\u0105c formularz internetowy lub ankiet\u0119 internetow\u0105<\/li>\n\n\n\n<li>wspieranie funkcjonalno\u015bci Moja Biblioteka<\/li>\n\n\n\n<li>umo\u017cliwienie prawid\u0142owego funkcjonowania odtwarzaczy wideo<\/li>\n\n\n\n<li>okre\u015blenie ilo\u015bci U\u017cytkownik\u00f3w korzystaj\u0105cych z witryny, zmiana us\u0142ug w taki spos\u00f3b, aby by\u0142y one \u0142atwiejsze w obs\u0142udze i zapewnienie ich szybkiego dzia\u0142ania; analiza niespersonifikowanych danych w celu zrozumienia sposobu wsp\u00f3\u0142dzia\u0142ania u\u017cytkownik\u00f3w z r\u00f3\u017cnymi aspektami naszych us\u0142ug online w celu ich ulepszenia.<\/li>\n<\/ul>\n\n\n\n<h3 class=\"wp-block-heading\">Co je\u015bli nie zaakceptuj\u0119 plik\u00f3w cookies?<\/h3>\n\n\n\n<p>Je\u015bli nie zaakceptujesz plik\u00f3w cookies, niekt\u00f3re funkcje na stronie internetowej nie b\u0119d\u0105 wy\u015bwietlane lub nie b\u0119d\u0105 dzia\u0142a\u0107 prawid\u0142owo. Brak plik\u00f3w cookies b\u0119dzie m\u00f3g\u0142 ograniczy\u0107 dost\u0119pne opcje strony, jak r\u00f3wnie\u017c wp\u0142ywa\u0107 na jej wygl\u0105d i komfort u\u017cytkowania.<\/p>\n\n\n\n<p>Przyk\u0142ady funkcji, kt\u00f3re mog\u0105 nie dzia\u0142a\u0107 prawid\u0142owo:<\/p>\n\n\n\n<p>wy\u015bwietlanie osadzonych tre\u015bci<\/p>\n\n\n\n<p>funkcje Moja Biblioteka<\/p>\n\n\n\n<p>spersonalizowana strona internetowa<\/p>\n\n\n\n<p>ogl\u0105danie film\u00f3w<\/p>\n\n\n\n<p>opcja \u201eLubi\u0119 to\u201d i udost\u0119pnianie strony na portalach spo\u0142eczno\u015bciowych<\/p>\n\n\n\n<!-- OneTrust Cookies List start -->\n<div id=\"ot-sdk-cookie-policy\"><\/div>\n<!-- OneTrust Cookies List end -->\n\n\n\n<!-- OneTrust Cookies Settings button start -->\n<button id=\"ot-sdk-btn\" class=\"ot-sdk-show-settings\">Cookie\u00a0Settings<\/button>\n<!-- OneTrust Cookies Settings button end -->\n","protected":false},"excerpt":{"rendered":"<p>Aby u\u0142atwi\u0107 korzystanie z naszej witryny, u\u017cywamy plik\u00f3w cookies. Pliki cookies to ma\u0142e pliki z informacjami wykorzystywanymi przez witryny sieci Web, kt\u00f3re zapisywane s\u0105 na twardym dysku komputera. S\u0105 one niezb\u0119dne do korzystania z naszej witryny. Pliki cookies nie zawieraj\u0105 danych osobowych i nie mog\u0105 by\u0107 u\u017cyte do ustalenia to\u017csamo\u015bci u\u017cytkownika. Plik cookie zazwyczaj zawiera [&#8230;]<\/p>\n<p><a class=\"btn btn-secondary understrap-read-more-link\" href=\"https:\/\/www.smartwash.co\/persil\/pl\/cookies\/\">Czytaj dalej\u2026<span class=\"screen-reader-text\"> from Polityka \u201eCookies\u201d<\/span><\/a><\/p>\n","protected":false},"author":2,"featured_media":0,"parent":0,"menu_order":0,"comment_status":"closed","ping_status":"closed","template":"","meta":{"footnotes":""},"class_list":["post-263","page","type-page","status-publish","hentry"],"_links":{"self":[{"href":"https:\/\/www.smartwash.co\/persil\/pl\/wp-json\/wp\/v2\/pages\/263","targetHints":{"allow":["GET"]}}],"collection":[{"href":"https:\/\/www.smartwash.co\/persil\/pl\/wp-json\/wp\/v2\/pages"}],"about":[{"href":"https:\/\/www.smartwash.co\/persil\/pl\/wp-json\/wp\/v2\/types\/page"}],"author":[{"embeddable":true,"href":"https:\/\/www.smartwash.co\/persil\/pl\/wp-json\/wp\/v2\/users\/2"}],"replies":[{"embeddable":true,"href":"https:\/\/www.smartwash.co\/persil\/pl\/wp-json\/wp\/v2\/comments?post=263"}],"version-history":[{"count":3,"href":"https:\/\/www.smartwash.co\/persil\/pl\/wp-json\/wp\/v2\/pages\/263\/revisions"}],"predecessor-version":[{"id":273,"href":"https:\/\/www.smartwash.co\/persil\/pl\/wp-json\/wp\/v2\/pages\/263\/revisions\/273"}],"wp:attachment":[{"href":"https:\/\/www.smartwash.co\/persil\/pl\/wp-json\/wp\/v2\/media?parent=263"}],"curies":[{"name":"wp","href":"https:\/\/api.w.org\/{rel}","templated":true}]}}